{"id":29,"date":"2017-04-29T07:29:34","date_gmt":"2017-04-29T06:29:34","guid":{"rendered":"http:\/\/ruth-sauer.de\/?page_id=29"},"modified":"2017-04-29T10:43:05","modified_gmt":"2017-04-29T09:43:05","slug":"werkstatt","status":"publish","type":"page","link":"https:\/\/www.ruth-sauer.de\/?page_id=29","title":{"rendered":"Werkstatt"},"content":{"rendered":"<p><strong>Handarbeit dr\u00fcckt Wertsch\u00e4tzung und Verbundenheit aus!<\/strong><\/p>\n<p><img loading=\"lazy\" class=\"alignnone wp-image-68 size-large\" src=\"http:\/\/ruth-sauer.de\/wp-content\/uploads\/2017\/04\/IMG_3243-768x1024.jpg\" alt=\"\" width=\"525\" height=\"700\" srcset=\"https:\/\/ruth-sauer.de\/wp-content\/uploads\/2017\/04\/IMG_3243-768x1024.jpg 768w, https:\/\/ruth-sauer.de\/wp-content\/uploads\/2017\/04\/IMG_3243-225x300.jpg 225w\" sizes=\"(max-width: 525px) 100vw, 525px\" \/><\/p>\n<p>In meiner Werkstatt entstehen Schmuckst\u00fccke die zu Ihnen passen und eine Seele besitzen. Es ist eine Handarbeit mit Charakter und ganz besonderem Charme.<\/p>\n<h4 class=\"alignnone\">Damenring<\/h4>\n<p class=\"alignnone\">Silber, Feingold, Labradorith<\/p>\n<p class=\"alignnone\"><img loading=\"lazy\" class=\"aligncenter wp-image-54 size-large\" src=\"http:\/\/ruth-sauer.de\/wp-content\/uploads\/2017\/04\/Damenring-mit-Labradorith-1024x732.jpg\" alt=\"\" width=\"525\" height=\"375\" srcset=\"https:\/\/ruth-sauer.de\/wp-content\/uploads\/2017\/04\/Damenring-mit-Labradorith-1024x732.jpg 1024w, https:\/\/ruth-sauer.de\/wp-content\/uploads\/2017\/04\/Damenring-mit-Labradorith-300x214.jpg 300w, https:\/\/ruth-sauer.de\/wp-content\/uploads\/2017\/04\/Damenring-mit-Labradorith-768x549.jpg 768w\" sizes=\"(max-width: 525px) 100vw, 525px\" \/><\/p>\n<h4 class=\"alignnone\">Hochzeitsschmuck<\/h4>\n<p class=\"alignnone\">Gelbgold, Wei\u00dfgold,\u00a0Rohdiamanten, Bergkristall mit Ruthilnadeln<\/p>\n<p class=\"alignnone\"><img loading=\"lazy\" class=\"aligncenter wp-image-55 size-large\" src=\"http:\/\/ruth-sauer.de\/wp-content\/uploads\/2017\/04\/Hochzeitsschmuck-1024x731.jpg\" alt=\"\" width=\"525\" height=\"375\" srcset=\"https:\/\/ruth-sauer.de\/wp-content\/uploads\/2017\/04\/Hochzeitsschmuck-1024x731.jpg 1024w, https:\/\/ruth-sauer.de\/wp-content\/uploads\/2017\/04\/Hochzeitsschmuck-300x214.jpg 300w, https:\/\/ruth-sauer.de\/wp-content\/uploads\/2017\/04\/Hochzeitsschmuck-768x548.jpg 768w\" sizes=\"(max-width: 525px) 100vw, 525px\" \/><\/p>\n<h4 class=\"alignnone\">Damenring &#8211; Aus Alt mach&#8216; Neu<\/h4>\n<p class=\"alignnone\">Gelbgold, Granatnavette<\/p>\n<p class=\"alignnone\"><img loading=\"lazy\" class=\"aligncenter wp-image-56 size-large\" src=\"http:\/\/ruth-sauer.de\/wp-content\/uploads\/2017\/04\/Damenring-Aus-Alt-mach-Neu-1024x792.jpg\" alt=\"\" width=\"525\" height=\"406\" srcset=\"https:\/\/ruth-sauer.de\/wp-content\/uploads\/2017\/04\/Damenring-Aus-Alt-mach-Neu-1024x792.jpg 1024w, https:\/\/ruth-sauer.de\/wp-content\/uploads\/2017\/04\/Damenring-Aus-Alt-mach-Neu-300x232.jpg 300w, https:\/\/ruth-sauer.de\/wp-content\/uploads\/2017\/04\/Damenring-Aus-Alt-mach-Neu-768x594.jpg 768w\" sizes=\"(max-width: 525px) 100vw, 525px\" \/><\/p>\n<h4 class=\"alignnone\">Schneckenstecker<\/h4>\n<p class=\"alignnone\">Silber, Feingold,\u00a0S\u00fc\u00dfwasserperle<\/p>\n<p class=\"alignnone\"><img loading=\"lazy\" class=\"aligncenter wp-image-57 size-large\" src=\"http:\/\/ruth-sauer.de\/wp-content\/uploads\/2017\/04\/Schneckenstecker-1024x689.jpg\" alt=\"\" width=\"525\" height=\"353\" srcset=\"https:\/\/ruth-sauer.de\/wp-content\/uploads\/2017\/04\/Schneckenstecker-1024x689.jpg 1024w, https:\/\/ruth-sauer.de\/wp-content\/uploads\/2017\/04\/Schneckenstecker-300x202.jpg 300w, https:\/\/ruth-sauer.de\/wp-content\/uploads\/2017\/04\/Schneckenstecker-768x517.jpg 768w\" sizes=\"(max-width: 525px) 100vw, 525px\" \/><\/p>\n<h4 class=\"alignnone\">Schneckenherz<\/h4>\n<p class=\"alignnone\">Schaumkoralle, Silber, Feingold<\/p>\n<p class=\"alignnone\"><img loading=\"lazy\" class=\"aligncenter wp-image-58 size-large\" src=\"http:\/\/ruth-sauer.de\/wp-content\/uploads\/2017\/04\/Schneckenherz-768x1024.jpg\" alt=\"\" width=\"525\" height=\"700\" srcset=\"https:\/\/ruth-sauer.de\/wp-content\/uploads\/2017\/04\/Schneckenherz-768x1024.jpg 768w, https:\/\/ruth-sauer.de\/wp-content\/uploads\/2017\/04\/Schneckenherz-225x300.jpg 225w\" sizes=\"(max-width: 525px) 100vw, 525px\" \/><\/p>\n<h4 class=\"alignnone\">Trauringe &#8211; Jour et Nuit<\/h4>\n<p class=\"alignnone\">Wei\u00dfgold,\u00a0Paladium, Brillianten<\/p>\n<p class=\"alignnone\"><img loading=\"lazy\" class=\"aligncenter wp-image-59 size-large\" src=\"http:\/\/ruth-sauer.de\/wp-content\/uploads\/2017\/04\/Trauringe-Jour-et-Nuit-e1493456003888-1024x514.jpg\" alt=\"\" width=\"525\" height=\"264\" srcset=\"https:\/\/ruth-sauer.de\/wp-content\/uploads\/2017\/04\/Trauringe-Jour-et-Nuit-e1493456003888-1024x514.jpg 1024w, https:\/\/ruth-sauer.de\/wp-content\/uploads\/2017\/04\/Trauringe-Jour-et-Nuit-e1493456003888-300x151.jpg 300w, https:\/\/ruth-sauer.de\/wp-content\/uploads\/2017\/04\/Trauringe-Jour-et-Nuit-e1493456003888-768x385.jpg 768w, https:\/\/ruth-sauer.de\/wp-content\/uploads\/2017\/04\/Trauringe-Jour-et-Nuit-e1493456003888.jpg 1803w\" sizes=\"(max-width: 525px) 100vw, 525px\" \/><\/p>\n<h4 class=\"alignnone\">Trauringe<\/h4>\n<p class=\"alignnone\">Platin, Gelbgold,\u00a0Rohdiamant<\/p>\n<p class=\"alignnone\"><img loading=\"lazy\" class=\"aligncenter wp-image-60 size-large\" src=\"http:\/\/ruth-sauer.de\/wp-content\/uploads\/2017\/04\/Trauringe-mit-Rohdiamant-768x1024.jpg\" alt=\"\" width=\"525\" height=\"700\" srcset=\"https:\/\/ruth-sauer.de\/wp-content\/uploads\/2017\/04\/Trauringe-mit-Rohdiamant-768x1024.jpg 768w, https:\/\/ruth-sauer.de\/wp-content\/uploads\/2017\/04\/Trauringe-mit-Rohdiamant-225x300.jpg 225w\" sizes=\"(max-width: 525px) 100vw, 525px\" \/><\/p>\n<h4 class=\"alignnone\">Kreuz<\/h4>\n<p class=\"alignnone\">Silber, Feingold<\/p>\n<p class=\"alignnone\"><img loading=\"lazy\" class=\"aligncenter wp-image-61 size-large\" src=\"http:\/\/ruth-sauer.de\/wp-content\/uploads\/2017\/04\/Kreuz-1024x1024.jpg\" alt=\"\" width=\"525\" height=\"525\" srcset=\"https:\/\/ruth-sauer.de\/wp-content\/uploads\/2017\/04\/Kreuz-1024x1024.jpg 1024w, https:\/\/ruth-sauer.de\/wp-content\/uploads\/2017\/04\/Kreuz-150x150.jpg 150w, https:\/\/ruth-sauer.de\/wp-content\/uploads\/2017\/04\/Kreuz-300x300.jpg 300w, https:\/\/ruth-sauer.de\/wp-content\/uploads\/2017\/04\/Kreuz-768x768.jpg 768w, https:\/\/ruth-sauer.de\/wp-content\/uploads\/2017\/04\/Kreuz-100x100.jpg 100w, https:\/\/ruth-sauer.de\/wp-content\/uploads\/2017\/04\/Kreuz.jpg 1964w\" sizes=\"(max-width: 525px) 100vw, 525px\" \/><\/p>\n<h4 class=\"alignnone\">Damenring<\/h4>\n<p class=\"alignnone\">Gelbgold\u00a0mit Brilliant<\/p>\n<p class=\"alignnone\"><img loading=\"lazy\" class=\"aligncenter wp-image-62 size-large\" src=\"http:\/\/ruth-sauer.de\/wp-content\/uploads\/2017\/04\/Damenring-1024x1024.jpg\" alt=\"\" width=\"525\" height=\"525\" srcset=\"https:\/\/ruth-sauer.de\/wp-content\/uploads\/2017\/04\/Damenring-1024x1024.jpg 1024w, https:\/\/ruth-sauer.de\/wp-content\/uploads\/2017\/04\/Damenring-150x150.jpg 150w, https:\/\/ruth-sauer.de\/wp-content\/uploads\/2017\/04\/Damenring-300x300.jpg 300w, https:\/\/ruth-sauer.de\/wp-content\/uploads\/2017\/04\/Damenring-768x768.jpg 768w, https:\/\/ruth-sauer.de\/wp-content\/uploads\/2017\/04\/Damenring-100x100.jpg 100w, https:\/\/ruth-sauer.de\/wp-content\/uploads\/2017\/04\/Damenring.jpg 1433w\" sizes=\"(max-width: 525px) 100vw, 525px\" \/><\/p>\n<h4 class=\"alignnone\">Ohrstecker &#8211; Postmodern<\/h4>\n<p class=\"alignnone\">Silber geschw\u00e4rzt,\u00a0Calcedon, Onyx<\/p>\n<p class=\"alignnone\"><img loading=\"lazy\" class=\"aligncenter wp-image-63 size-large\" src=\"http:\/\/ruth-sauer.de\/wp-content\/uploads\/2017\/04\/Ohrstecker-Postmodern-1024x691.jpg\" alt=\"\" width=\"525\" height=\"354\" srcset=\"https:\/\/ruth-sauer.de\/wp-content\/uploads\/2017\/04\/Ohrstecker-Postmodern-1024x691.jpg 1024w, https:\/\/ruth-sauer.de\/wp-content\/uploads\/2017\/04\/Ohrstecker-Postmodern-300x203.jpg 300w, https:\/\/ruth-sauer.de\/wp-content\/uploads\/2017\/04\/Ohrstecker-Postmodern-768x518.jpg 768w\" sizes=\"(max-width: 525px) 100vw, 525px\" \/><\/p>\n<h4 class=\"alignnone\">Halsschmuck<\/h4>\n<p class=\"alignnone\">Gelbgold, Wei\u00dfgold,\u00a0Saphir<\/p>\n<p class=\"alignnone\"><img loading=\"lazy\" class=\"aligncenter wp-image-53 size-large\" src=\"http:\/\/ruth-sauer.de\/wp-content\/uploads\/2017\/04\/Halsschmuck-1024x596.jpg\" alt=\"\" width=\"525\" height=\"306\" srcset=\"https:\/\/ruth-sauer.de\/wp-content\/uploads\/2017\/04\/Halsschmuck-1024x596.jpg 1024w, https:\/\/ruth-sauer.de\/wp-content\/uploads\/2017\/04\/Halsschmuck-300x175.jpg 300w, https:\/\/ruth-sauer.de\/wp-content\/uploads\/2017\/04\/Halsschmuck-768x447.jpg 768w\" sizes=\"(max-width: 525px) 100vw, 525px\" \/><\/p>\n<p>&nbsp;<\/p>\n","protected":false},"excerpt":{"rendered":"<p>Handarbeit dr\u00fcckt Wertsch\u00e4tzung und Verbundenheit aus! In meiner Werkstatt entstehen Schmuckst\u00fccke die zu Ihnen passen und eine Seele besitzen. Es ist eine Handarbeit mit Charakter und ganz besonderem Charme. Damenring Silber, Feingold, Labradorith Hochzeitsschmuck Gelbgold, Wei\u00dfgold,\u00a0Rohdiamanten, Bergkristall mit Ruthilnadeln Damenring &#8211; Aus Alt mach&#8216; Neu Gelbgold, Granatnavette Schneckenstecker Silber, Feingold,\u00a0S\u00fc\u00dfwasserperle Schneckenherz Schaumkoralle, Silber, Feingold Trauringe &hellip; <\/p>\n<p class=\"link-more\"><a href=\"https:\/\/www.ruth-sauer.de\/?page_id=29\" class=\"more-link\"><span class=\"screen-reader-text\">\u201eWerkstatt\u201c<\/span> weiterlesen<\/a><\/p>\n","protected":false},"author":1,"featured_media":0,"parent":0,"menu_order":0,"comment_status":"closed","ping_status":"closed","template":"","meta":[],"_links":{"self":[{"href":"https:\/\/www.ruth-sauer.de\/index.php?rest_route=\/wp\/v2\/pages\/29"}],"collection":[{"href":"https:\/\/www.ruth-sauer.de\/index.php?rest_route=\/wp\/v2\/pages"}],"about":[{"href":"https:\/\/www.ruth-sauer.de\/index.php?rest_route=\/wp\/v2\/types\/page"}],"author":[{"embeddable":true,"href":"https:\/\/www.ruth-sauer.de\/index.php?rest_route=\/wp\/v2\/users\/1"}],"replies":[{"embeddable":true,"href":"https:\/\/www.ruth-sauer.de\/index.php?rest_route=%2Fwp%2Fv2%2Fcomments&post=29"}],"version-history":[{"count":10,"href":"https:\/\/www.ruth-sauer.de\/index.php?rest_route=\/wp\/v2\/pages\/29\/revisions"}],"predecessor-version":[{"id":69,"href":"https:\/\/www.ruth-sauer.de\/index.php?rest_route=\/wp\/v2\/pages\/29\/revisions\/69"}],"wp:attachment":[{"href":"https:\/\/www.ruth-sauer.de\/index.php?rest_route=%2Fwp%2Fv2%2Fmedia&parent=29"}],"curies":[{"name":"wp","href":"https:\/\/api.w.org\/{rel}","templated":true}]}}