{"id":21,"date":"2017-04-23T12:40:41","date_gmt":"2017-04-23T11:40:41","guid":{"rendered":"http:\/\/ruth-sauer.de\/?page_id=21"},"modified":"2017-04-23T12:40:41","modified_gmt":"2017-04-23T11:40:41","slug":"kontakt-und-oeffnungszeiten","status":"publish","type":"page","link":"https:\/\/www.ruth-sauer.de\/","title":{"rendered":"Kontakt und \u00d6ffnungszeiten"},"content":{"rendered":"<p>Gerne hei\u00dfe ich Sie in meinem Atelier und in meiner Werkstatt f\u00fcr Schmuckst\u00fccke willkommen.<\/p>\n<p>Ein vorheriger Anruf oder eine Email gen\u00fcgen zur Terminvereinbarung, da ich keine festen \u00d6ffnungszeiten pflege.<\/p>\n<p><strong>Kontakt:<\/strong><\/p>\n<p>Ruth Sauer<\/p>\n<p>B\u00f6schenstra\u00dfe 15<\/p>\n<p>66839 Schmelz<\/p>\n<p>&nbsp;<\/p>\n<p>Mail: <strong>schmuck@ruth-sauer.de<\/strong><\/p>\n<p>Telefon: <strong>06881 538018<\/strong><\/p>\n","protected":false},"excerpt":{"rendered":"<p>Gerne hei\u00dfe ich Sie in meinem Atelier und in meiner Werkstatt f\u00fcr Schmuckst\u00fccke willkommen. Ein vorheriger Anruf oder eine Email gen\u00fcgen zur Terminvereinbarung, da ich keine festen \u00d6ffnungszeiten pflege. Kontakt: Ruth Sauer B\u00f6schenstra\u00dfe 15 66839 Schmelz &nbsp; Mail: schmuck@ruth-sauer.de Telefon: 06881 538018<\/p>\n","protected":false},"author":1,"featured_media":0,"parent":0,"menu_order":0,"comment_status":"closed","ping_status":"closed","template":"","meta":[],"_links":{"self":[{"href":"https:\/\/www.ruth-sauer.de\/index.php?rest_route=\/wp\/v2\/pages\/21"}],"collection":[{"href":"https:\/\/www.ruth-sauer.de\/index.php?rest_route=\/wp\/v2\/pages"}],"about":[{"href":"https:\/\/www.ruth-sauer.de\/index.php?rest_route=\/wp\/v2\/types\/page"}],"author":[{"embeddable":true,"href":"https:\/\/www.ruth-sauer.de\/index.php?rest_route=\/wp\/v2\/users\/1"}],"replies":[{"embeddable":true,"href":"https:\/\/www.ruth-sauer.de\/index.php?rest_route=%2Fwp%2Fv2%2Fcomments&post=21"}],"version-history":[{"count":1,"href":"https:\/\/www.ruth-sauer.de\/index.php?rest_route=\/wp\/v2\/pages\/21\/revisions"}],"predecessor-version":[{"id":22,"href":"https:\/\/www.ruth-sauer.de\/index.php?rest_route=\/wp\/v2\/pages\/21\/revisions\/22"}],"wp:attachment":[{"href":"https:\/\/www.ruth-sauer.de\/index.php?rest_route=%2Fwp%2Fv2%2Fmedia&parent=21"}],"curies":[{"name":"wp","href":"https:\/\/api.w.org\/{rel}","templated":true}]}}