{"id":18,"date":"2017-04-23T12:33:47","date_gmt":"2017-04-23T11:33:47","guid":{"rendered":"http:\/\/ruth-sauer.de\/?page_id=18"},"modified":"2017-04-29T08:44:06","modified_gmt":"2017-04-29T07:44:06","slug":"curriculum-vitae","status":"publish","type":"page","link":"https:\/\/www.ruth-sauer.de\/?page_id=18","title":{"rendered":"Curriculum vitae"},"content":{"rendered":"<p><img loading=\"lazy\" class=\"alignnone wp-image-35 size-medium\" src=\"http:\/\/ruth-sauer.de\/wp-content\/uploads\/2017\/04\/Ruth-Portrait-SW-300x199.jpg\" alt=\"\" width=\"300\" height=\"199\" srcset=\"https:\/\/ruth-sauer.de\/wp-content\/uploads\/2017\/04\/Ruth-Portrait-SW-300x199.jpg 300w, https:\/\/ruth-sauer.de\/wp-content\/uploads\/2017\/04\/Ruth-Portrait-SW-768x509.jpg 768w, https:\/\/ruth-sauer.de\/wp-content\/uploads\/2017\/04\/Ruth-Portrait-SW-1024x678.jpg 1024w\" sizes=\"(max-width: 300px) 100vw, 300px\" \/><\/p>\n<p>1999:<\/p>\n<p>Er\u00f6ffnung der Werkstatt f\u00fcr Schmuckst\u00fccke in Primsweiler<\/p>\n<p>1997:<\/p>\n<p>Selbst\u00e4ndige T\u00e4tigkeit als Goldschmiedemeisterin<\/p>\n<p>1997:<\/p>\n<p>Meisterpr\u00fcfung im Goldschmiedehandwerk vor der Handwerkskammer Koblenz<\/p>\n<p>Staatlich gepr\u00fcfte Schmuckgestalterin<\/p>\n<p>1995 &#8211; 1997:<\/p>\n<p>Ausbildung zur staatlich gepr\u00fcften Schmuckgestalterin in Idar-Oberstein<\/p>\n<p>1993 &#8211; 1995:<\/p>\n<p>Goldschmiede-Gesellin in der Goldschmiede Stroh in Wadern<\/p>\n<p>1993:<\/p>\n<p>Gesellenpr\u00fcfung als Goldschmiedin vor der Handwerkskammer des Saarlandes<\/p>\n<p>1990 &#8211; 1993:<\/p>\n<p>Ausbildung zur Goldschmiedin in der Goldschmiede Stroh in Wadern<\/p>\n<p>&nbsp;<\/p>\n","protected":false},"excerpt":{"rendered":"<p>1999: Er\u00f6ffnung der Werkstatt f\u00fcr Schmuckst\u00fccke in Primsweiler 1997: Selbst\u00e4ndige T\u00e4tigkeit als Goldschmiedemeisterin 1997: Meisterpr\u00fcfung im Goldschmiedehandwerk vor der Handwerkskammer Koblenz Staatlich gepr\u00fcfte Schmuckgestalterin 1995 &#8211; 1997: Ausbildung zur staatlich gepr\u00fcften Schmuckgestalterin in Idar-Oberstein 1993 &#8211; 1995: Goldschmiede-Gesellin in der Goldschmiede Stroh in Wadern 1993: Gesellenpr\u00fcfung als Goldschmiedin vor der Handwerkskammer des Saarlandes 1990 &#8211; &hellip; <\/p>\n<p class=\"link-more\"><a href=\"https:\/\/www.ruth-sauer.de\/?page_id=18\" class=\"more-link\"><span class=\"screen-reader-text\">\u201eCurriculum vitae\u201c<\/span> weiterlesen<\/a><\/p>\n","protected":false},"author":1,"featured_media":0,"parent":0,"menu_order":0,"comment_status":"closed","ping_status":"closed","template":"","meta":[],"_links":{"self":[{"href":"https:\/\/www.ruth-sauer.de\/index.php?rest_route=\/wp\/v2\/pages\/18"}],"collection":[{"href":"https:\/\/www.ruth-sauer.de\/index.php?rest_route=\/wp\/v2\/pages"}],"about":[{"href":"https:\/\/www.ruth-sauer.de\/index.php?rest_route=\/wp\/v2\/types\/page"}],"author":[{"embeddable":true,"href":"https:\/\/www.ruth-sauer.de\/index.php?rest_route=\/wp\/v2\/users\/1"}],"replies":[{"embeddable":true,"href":"https:\/\/www.ruth-sauer.de\/index.php?rest_route=%2Fwp%2Fv2%2Fcomments&post=18"}],"version-history":[{"count":2,"href":"https:\/\/www.ruth-sauer.de\/index.php?rest_route=\/wp\/v2\/pages\/18\/revisions"}],"predecessor-version":[{"id":37,"href":"https:\/\/www.ruth-sauer.de\/index.php?rest_route=\/wp\/v2\/pages\/18\/revisions\/37"}],"wp:attachment":[{"href":"https:\/\/www.ruth-sauer.de\/index.php?rest_route=%2Fwp%2Fv2%2Fmedia&parent=18"}],"curies":[{"name":"wp","href":"https:\/\/api.w.org\/{rel}","templated":true}]}}